{"id":46,"date":"2022-10-22T10:00:11","date_gmt":"2022-10-22T08:00:11","guid":{"rendered":"http:\/\/www.bibel-und-zeitgeschehen.de\/wp\/?page_id=46"},"modified":"2022-11-03T16:05:17","modified_gmt":"2022-11-03T15:05:17","slug":"die-4-pferde","status":"publish","type":"page","link":"http:\/\/www.bibel-und-zeitgeschehen.de\/wp\/die-4-pferde\/","title":{"rendered":"Die 4 Pferde"},"content":{"rendered":"\n<p>Ob wir es wollen, oder nicht, auch Christen sind nicht ausgenommen vom Einfluss politischer Str\u00f6mungen in der Gesellschaft, in der sie leben, und m\u00fcssen auch zu politischen Fragen Position beziehen.Das letzte Jahrhundert war gepr\u00e4gt vom Kampf politischer Ideologien um die Herrschaft in den Herzen und Machtzentralen der V\u00f6lker.Dieses Buch will zeigen, welche geistlichen M\u00e4chte hinter den verschiedenen Ideologien, dem Kapitalismus, dem Sozialismus, dem \u00d6kologismus, dem Islamismus, und dem Konservativen stehen, und eine biblische Alternative zu ihren Heilsversprechungen aufzeigen.<\/p>\n\n\n\n<div data-wp-interactive=\"core\/file\" class=\"wp-block-file\"><object data-wp-bind--hidden=\"!state.hasPdfPreview\" hidden class=\"wp-block-file__embed\" data=\"http:\/\/www.bibel-und-zeitgeschehen.de\/wp\/wp-content\/uploads\/2022\/10\/Vier-Pferde.pdf\" type=\"application\/pdf\" style=\"width:100%;height:600px\" aria-label=\"Einbettung von Einbettung von Vier-Pferde..\"><\/object><a id=\"wp-block-file--media-3d0a218d-d45f-4b9d-bb3a-1ea6deafc4df\" href=\"http:\/\/www.bibel-und-zeitgeschehen.de\/wp\/wp-content\/uploads\/2022\/10\/Vier-Pferde.pdf\">Vier-Pferde<\/a><a href=\"http:\/\/www.bibel-und-zeitgeschehen.de\/wp\/wp-content\/uploads\/2022\/10\/Vier-Pferde.pdf\" class=\"wp-block-file__button\" download aria-describedby=\"wp-block-file--media-3d0a218d-d45f-4b9d-bb3a-1ea6deafc4df\">Herunterladen<\/a><\/div>\n","protected":false},"excerpt":{"rendered":"<p>Ob wir es wollen, oder nicht, auch Christen sind nicht ausgenommen vom Einfluss politischer Str\u00f6mungen in der Gesellschaft, in der sie leben, und m\u00fcssen auch<\/p>\n","protected":false},"author":1,"featured_media":0,"parent":0,"menu_order":0,"comment_status":"closed","ping_status":"closed","template":"","meta":{"footnotes":""},"class_list":["post-46","page","type-page","status-publish","hentry"],"_links":{"self":[{"href":"http:\/\/www.bibel-und-zeitgeschehen.de\/wp\/wp-json\/wp\/v2\/pages\/46","targetHints":{"allow":["GET"]}}],"collection":[{"href":"http:\/\/www.bibel-und-zeitgeschehen.de\/wp\/wp-json\/wp\/v2\/pages"}],"about":[{"href":"http:\/\/www.bibel-und-zeitgeschehen.de\/wp\/wp-json\/wp\/v2\/types\/page"}],"author":[{"embeddable":true,"href":"http:\/\/www.bibel-und-zeitgeschehen.de\/wp\/wp-json\/wp\/v2\/users\/1"}],"replies":[{"embeddable":true,"href":"http:\/\/www.bibel-und-zeitgeschehen.de\/wp\/wp-json\/wp\/v2\/comments?post=46"}],"version-history":[{"count":3,"href":"http:\/\/www.bibel-und-zeitgeschehen.de\/wp\/wp-json\/wp\/v2\/pages\/46\/revisions"}],"predecessor-version":[{"id":143,"href":"http:\/\/www.bibel-und-zeitgeschehen.de\/wp\/wp-json\/wp\/v2\/pages\/46\/revisions\/143"}],"wp:attachment":[{"href":"http:\/\/www.bibel-und-zeitgeschehen.de\/wp\/wp-json\/wp\/v2\/media?parent=46"}],"curies":[{"name":"wp","href":"https:\/\/api.w.org\/{rel}","templated":true}]}}